{"id":411,"date":"2020-02-26T16:04:43","date_gmt":"2020-02-26T15:04:43","guid":{"rendered":"http:\/\/www.cadantema.com\/?page_id=411"},"modified":"2020-02-26T16:23:07","modified_gmt":"2020-02-26T15:23:07","slug":"politicas-de-cookies","status":"publish","type":"page","link":"https:\/\/www.cadantema.com\/es\/politicas-de-cookies\/","title":{"rendered":"Pol\u00edticas de cookies"},"content":{"rendered":"<p>En cumplimiento con el deber de informaci\u00f3n recogido en el apartado 2\u00ba del art\u00edculo 22 de la Ley 34\/2002, de 11 de Julio, de Servicios de la Sociedad de la Informaci\u00f3n y del Comercio Electr\u00f3nico, la presente pol\u00edtica de cookies tiene por finalidad informarle de manera clara y precisa sobre las cookies que se utilizan en la p\u00e1gina web de M.Dolors TOLO Cierco.<\/p>\n<h3><strong>\u00bfQu\u00e9 son las cookies?<\/strong><\/h3>\n<p>Una cookie es un archivo de peque\u00f1o tama\u00f1o que los sitios web env\u00edan al navegador y se descargan en su ordenador. Las cookies permiten que la p\u00e1gina web almacene y recupere la informaci\u00f3n sobre su visita, como su preferencia de idioma y otras opciones, con el fin de mejorar los servicios que se ofrecen y contribuir a tener una mejor experiencia de navegaci\u00f3n para el usuario.<\/p>\n<h3><strong>Autorizaci\u00f3n para el uso de cookies<\/strong><\/h3>\n<p>De conformidad con el aviso de cookies que aparece en el sitio web, el usuario acepta que, al navegar por el mismo, consiente expresamente el uso de cookies seg\u00fan la descripci\u00f3n que a continuaci\u00f3n se detalla, sin perjuicio de que el usuario pueda modificar la configuraci\u00f3n de su navegador para rechazar el uso de las cookies.<\/p>\n<p>&nbsp;<\/p>\n<h3><strong>Tipo de cookies<\/strong><\/h3>\n<p>En funci\u00f3n de quien gestione el dominio desde donde se env\u00edan las cookies y se traten los datos, se distinguir\u00e1 entre cookies propias y cookies de terceros.<\/p>\n<p>Las cookies tambi\u00e9n pueden clasificarse seg\u00fan el plazo de tiempo que permanezcan almacenadas en el navegador del usuario, distingui\u00e9ndose entre cookies de sesi\u00f3n o cookies persistentes.<\/p>\n<p>Finalmente, en funci\u00f3n de la finalidad para la que se trate la informaci\u00f3n recopilada, las cookies se pueden clasificar en las siguientes categor\u00edas:<\/p>\n<p>&nbsp;<\/p>\n<ul>\n<li>Cookies t\u00e9cnicas: permiten al usuario navegar por un sitio web y utilizar algunos de los servicios ofrecidos por el mismo (como por ejemplo, las que sirven para recordar los elementos integrantes de un carrito de compra).<\/li>\n<li>Cookies de personalizaci\u00f3n: permiten que el usuario acceda al sitio web con unas caracter\u00edsticas determinadas, como puede ser el idioma.<\/li>\n<li>Cookies de seguridad: sirven para impedir o dificultar los ataques contra el sitio web.<\/li>\n<li>Cookies de complemento para intercambiar contenidos sociales: los llamados plug-in, que permiten compartir contenidos en redes sociales.<\/li>\n<li>Cookies de an\u00e1lisis: permiten al responsable el seguimiento del comportamiento del usuario.<\/li>\n<li>Cookies publicitarias: permiten gestionar los espacios de publicidad del sitio web.<\/li>\n<li>Cookies de publicidad comportamental: como las anteriores, sirven para gestionar los espacios de publicidad del sitio web en funci\u00f3n de la informaci\u00f3n recogida sobre el comportamiento del usuario y sus h\u00e1bitos, adaptando la publicidad al perfil del usuario.<\/li>\n<li>Cookies de geolocalizaci\u00f3n: utilizadas para averiguar el pa\u00eds donde se encuentra el usuario.<\/li>\n<\/ul>\n<p>&nbsp;<\/p>\n<h3><strong>C\u00f3mo modificar la configuraci\u00f3n de las cookies<\/strong><\/h3>\n<p>Usted puede restringir, bloquear o borrar las cookies de M.Dolors TOLO Cierco o cualquier otra p\u00e1gina web utilizando su navegador. En cada navegador la operativa es diferente, puede encontrar c\u00f3mo hacerlo en el men\u00fa de ayuda de su navegador donde se establece el procedimiento para su eliminaci\u00f3n. Para m\u00e1s informaci\u00f3n:<\/p>\n<p>&nbsp;<\/p>\n<ul>\n<li>Google Chrome: <a href=\"https:\/\/support.google.com\/chrome\/answer\/95647?co=genie.platform%3DDesktop&amp;hl=\u00e9s\">https:\/\/support.google.com\/chrome\/answer\/95647?co=genie.platform%3DDesktop&amp;hl=\u00e9s<\/a><\/li>\n<li>Mozilla Firefox:<a href=\"https:\/\/support.mozilla.org\/es\/kb\/habilitar-y-deshabilitar-cookies-sitios-web-rastrear-preferencias\"> https:\/\/support.mozilla.org\/es\/kb\/habilitar-y-deshabilitar-cookies-sitios-web-rastrear-preferencias<\/a><\/li>\n<li>Safari: <a href=\"https:\/\/support.apple.com\/es-es\/guide\/safari\/sfri11471\/mac\">https:\/\/support.apple.com\/es-es\/guide\/safari\/sfri11471\/mac<\/a><\/li>\n<li>Internet Explorer: <a href=\"https:\/\/support.microsoft.com\/es-es\/help\/278835\/how-to-delete-cookie-files-in-internet-explorer\">https:\/\/support.microsoft.com\/es-es\/help\/278835\/how-to-delete-cookie-files-in-internet-explorer<\/a><\/li>\n<\/ul>\n<p>&nbsp;<\/p>\n<p>Es posible que en deshabilitar las cookies la p\u00e1gina web no funcione correctamente o no pueda acceder a determinadas funciones de la misma.<\/p>\n<h3><strong>Cookies utilizadas en la web<\/strong><\/h3>\n<p>En el portal web se utilizan diferentes tipos de cookies con diferentes finalidades, a continuaci\u00f3n se enumeran las cookies empleadas:<\/p>\n<p>&nbsp;<\/p>\n<ul>\n<li><span style=\"color: #000000;\">COOKIE TEMPORAL SESI\u00d3N<\/span><\/li>\n<li><span style=\"color: #000000;\">YOUTUBE \/ REDES SOCIALES<\/span><\/li>\n<li><span style=\"color: #000000;\">GOOGLE MAPS<\/span><\/li>\n<\/ul>\n<h3><strong>Modificaci\u00f3n de las condiciones<\/strong><\/h3>\n<p>M.Dolors TOLO Cierco se reserva expresamente el derecho a modificar unilateralmente, total o parcialmente, sin necesidad de previo aviso, la presente Pol\u00edtica de Cookies. El usuario reconoce y acepta que es su responsabilidad revisar la presente Pol\u00edtica de Cookies.<\/p>","protected":false},"excerpt":{"rendered":"<p>En cumplimiento con el deber de informaci\u00f3n recogido en el apartado 2\u00ba del art\u00edculo 22 de la Ley 34\/2002, de 11 de Julio, de Servicios de la Sociedad de la Informaci\u00f3n y del Comercio Electr\u00f3nico, la presente pol\u00edtica de cookies tiene por finalidad informarle de manera clara y precisa sobre las cookies que se utilizan [&hellip;]<\/p>","protected":false},"author":1,"featured_media":0,"parent":0,"menu_order":0,"comment_status":"closed","ping_status":"closed","template":"","meta":{"_acf_changed":false,"footnotes":""},"class_list":["post-411","page","type-page","status-publish","hentry"],"acf":[],"yoast_head":"<!-- This site is optimized with the Yoast SEO plugin v27.4 - https:\/\/yoast.com\/product\/yoast-seo-wordpress\/ -->\n<title>Pol\u00edticas de cookies - Ca d&#039;Antema<\/title>\n<meta name=\"robots\" content=\"index, follow, max-snippet:-1, max-image-preview:large, max-video-preview:-1\" \/>\n<link rel=\"canonical\" href=\"https:\/\/www.cadantema.com\/es\/politicas-de-cookies\/\" \/>\n<meta property=\"og:locale\" content=\"es_ES\" \/>\n<meta property=\"og:type\" content=\"article\" \/>\n<meta property=\"og:title\" content=\"Pol\u00edticas de cookies - Ca d&#039;Antema\" \/>\n<meta property=\"og:description\" content=\"En cumplimiento con el deber de informaci\u00f3n recogido en el apartado 2\u00ba del art\u00edculo 22 de la Ley 34\/2002, de 11 de Julio, de Servicios de la Sociedad de la Informaci\u00f3n y del Comercio Electr\u00f3nico, la presente pol\u00edtica de cookies tiene por finalidad informarle de manera clara y precisa sobre las cookies que se utilizan [&hellip;]\" \/>\n<meta property=\"og:url\" content=\"https:\/\/www.cadantema.com\/es\/politicas-de-cookies\/\" \/>\n<meta property=\"og:site_name\" content=\"Ca d&#039;Antema\" \/>\n<meta property=\"article:modified_time\" content=\"2020-02-26T15:23:07+00:00\" \/>\n<meta name=\"twitter:card\" content=\"summary_large_image\" \/>\n<meta name=\"twitter:label1\" content=\"Tiempo de lectura\" \/>\n\t<meta name=\"twitter:data1\" content=\"3 minutos\" \/>\n<script type=\"application\/ld+json\" class=\"yoast-schema-graph\">{\"@context\":\"https:\\\/\\\/schema.org\",\"@graph\":[{\"@type\":\"WebPage\",\"@id\":\"https:\\\/\\\/www.cadantema.com\\\/es\\\/politicas-de-cookies\\\/\",\"url\":\"https:\\\/\\\/www.cadantema.com\\\/es\\\/politicas-de-cookies\\\/\",\"name\":\"Pol\u00edticas de cookies - Ca d&#039;Antema\",\"isPartOf\":{\"@id\":\"https:\\\/\\\/www.cadantema.com\\\/#website\"},\"datePublished\":\"2020-02-26T15:04:43+00:00\",\"dateModified\":\"2020-02-26T15:23:07+00:00\",\"breadcrumb\":{\"@id\":\"https:\\\/\\\/www.cadantema.com\\\/es\\\/politicas-de-cookies\\\/#breadcrumb\"},\"inLanguage\":\"es\",\"potentialAction\":[{\"@type\":\"ReadAction\",\"target\":[\"https:\\\/\\\/www.cadantema.com\\\/es\\\/politicas-de-cookies\\\/\"]}]},{\"@type\":\"BreadcrumbList\",\"@id\":\"https:\\\/\\\/www.cadantema.com\\\/es\\\/politicas-de-cookies\\\/#breadcrumb\",\"itemListElement\":[{\"@type\":\"ListItem\",\"position\":1,\"name\":\"Inici\",\"item\":\"https:\\\/\\\/www.cadantema.com\\\/\"},{\"@type\":\"ListItem\",\"position\":2,\"name\":\"Pol\u00edticas de cookies\"}]},{\"@type\":\"WebSite\",\"@id\":\"https:\\\/\\\/www.cadantema.com\\\/#website\",\"url\":\"https:\\\/\\\/www.cadantema.com\\\/\",\"name\":\"Ca d&#039;Antema\",\"description\":\"Producte artes\u00e0 de la Vall Fosca\",\"publisher\":{\"@id\":\"https:\\\/\\\/www.cadantema.com\\\/#organization\"},\"potentialAction\":[{\"@type\":\"SearchAction\",\"target\":{\"@type\":\"EntryPoint\",\"urlTemplate\":\"https:\\\/\\\/www.cadantema.com\\\/?s={search_term_string}\"},\"query-input\":{\"@type\":\"PropertyValueSpecification\",\"valueRequired\":true,\"valueName\":\"search_term_string\"}}],\"inLanguage\":\"es\"},{\"@type\":\"Organization\",\"@id\":\"https:\\\/\\\/www.cadantema.com\\\/#organization\",\"name\":\"Ca d&#039;Antema\",\"url\":\"https:\\\/\\\/www.cadantema.com\\\/\",\"logo\":{\"@type\":\"ImageObject\",\"inLanguage\":\"es\",\"@id\":\"https:\\\/\\\/www.cadantema.com\\\/#\\\/schema\\\/logo\\\/image\\\/\",\"url\":\"https:\\\/\\\/www.cadantema.com\\\/wp-content\\\/uploads\\\/2018\\\/06\\\/fav.png\",\"contentUrl\":\"https:\\\/\\\/www.cadantema.com\\\/wp-content\\\/uploads\\\/2018\\\/06\\\/fav.png\",\"width\":402,\"height\":402,\"caption\":\"Ca d&#039;Antema\"},\"image\":{\"@id\":\"https:\\\/\\\/www.cadantema.com\\\/#\\\/schema\\\/logo\\\/image\\\/\"}}]}<\/script>\n<!-- \/ Yoast SEO plugin. -->","yoast_head_json":{"title":"Pol\u00edticas de cookies - Ca d&#039;Antema","robots":{"index":"index","follow":"follow","max-snippet":"max-snippet:-1","max-image-preview":"max-image-preview:large","max-video-preview":"max-video-preview:-1"},"canonical":"https:\/\/www.cadantema.com\/es\/politicas-de-cookies\/","og_locale":"es_ES","og_type":"article","og_title":"Pol\u00edticas de cookies - Ca d&#039;Antema","og_description":"En cumplimiento con el deber de informaci\u00f3n recogido en el apartado 2\u00ba del art\u00edculo 22 de la Ley 34\/2002, de 11 de Julio, de Servicios de la Sociedad de la Informaci\u00f3n y del Comercio Electr\u00f3nico, la presente pol\u00edtica de cookies tiene por finalidad informarle de manera clara y precisa sobre las cookies que se utilizan [&hellip;]","og_url":"https:\/\/www.cadantema.com\/es\/politicas-de-cookies\/","og_site_name":"Ca d&#039;Antema","article_modified_time":"2020-02-26T15:23:07+00:00","twitter_card":"summary_large_image","twitter_misc":{"Tiempo de lectura":"3 minutos"},"schema":{"@context":"https:\/\/schema.org","@graph":[{"@type":"WebPage","@id":"https:\/\/www.cadantema.com\/es\/politicas-de-cookies\/","url":"https:\/\/www.cadantema.com\/es\/politicas-de-cookies\/","name":"Pol\u00edticas de cookies - Ca d&#039;Antema","isPartOf":{"@id":"https:\/\/www.cadantema.com\/#website"},"datePublished":"2020-02-26T15:04:43+00:00","dateModified":"2020-02-26T15:23:07+00:00","breadcrumb":{"@id":"https:\/\/www.cadantema.com\/es\/politicas-de-cookies\/#breadcrumb"},"inLanguage":"es","potentialAction":[{"@type":"ReadAction","target":["https:\/\/www.cadantema.com\/es\/politicas-de-cookies\/"]}]},{"@type":"BreadcrumbList","@id":"https:\/\/www.cadantema.com\/es\/politicas-de-cookies\/#breadcrumb","itemListElement":[{"@type":"ListItem","position":1,"name":"Inici","item":"https:\/\/www.cadantema.com\/"},{"@type":"ListItem","position":2,"name":"Pol\u00edticas de cookies"}]},{"@type":"WebSite","@id":"https:\/\/www.cadantema.com\/#website","url":"https:\/\/www.cadantema.com\/","name":"Ca d&#039;Antema","description":"Producte artes\u00e0 de la Vall Fosca","publisher":{"@id":"https:\/\/www.cadantema.com\/#organization"},"potentialAction":[{"@type":"SearchAction","target":{"@type":"EntryPoint","urlTemplate":"https:\/\/www.cadantema.com\/?s={search_term_string}"},"query-input":{"@type":"PropertyValueSpecification","valueRequired":true,"valueName":"search_term_string"}}],"inLanguage":"es"},{"@type":"Organization","@id":"https:\/\/www.cadantema.com\/#organization","name":"Ca d&#039;Antema","url":"https:\/\/www.cadantema.com\/","logo":{"@type":"ImageObject","inLanguage":"es","@id":"https:\/\/www.cadantema.com\/#\/schema\/logo\/image\/","url":"https:\/\/www.cadantema.com\/wp-content\/uploads\/2018\/06\/fav.png","contentUrl":"https:\/\/www.cadantema.com\/wp-content\/uploads\/2018\/06\/fav.png","width":402,"height":402,"caption":"Ca d&#039;Antema"},"image":{"@id":"https:\/\/www.cadantema.com\/#\/schema\/logo\/image\/"}}]}},"_links":{"self":[{"href":"https:\/\/www.cadantema.com\/es\/wp-json\/wp\/v2\/pages\/411","targetHints":{"allow":["GET"]}}],"collection":[{"href":"https:\/\/www.cadantema.com\/es\/wp-json\/wp\/v2\/pages"}],"about":[{"href":"https:\/\/www.cadantema.com\/es\/wp-json\/wp\/v2\/types\/page"}],"author":[{"embeddable":true,"href":"https:\/\/www.cadantema.com\/es\/wp-json\/wp\/v2\/users\/1"}],"replies":[{"embeddable":true,"href":"https:\/\/www.cadantema.com\/es\/wp-json\/wp\/v2\/comments?post=411"}],"version-history":[{"count":0,"href":"https:\/\/www.cadantema.com\/es\/wp-json\/wp\/v2\/pages\/411\/revisions"}],"wp:attachment":[{"href":"https:\/\/www.cadantema.com\/es\/wp-json\/wp\/v2\/media?parent=411"}],"curies":[{"name":"wp","href":"https:\/\/api.w.org\/{rel}","templated":true}]}}