{"id":8919,"date":"2025-07-11T11:49:25","date_gmt":"2025-07-11T10:49:25","guid":{"rendered":"https:\/\/www.cadantema.com\/?page_id=8919"},"modified":"2025-08-22T19:06:28","modified_gmt":"2025-08-22T18:06:28","slug":"politica-de-cookies","status":"publish","type":"page","link":"https:\/\/www.cadantema.com\/es\/politica-de-cookies\/","title":{"rendered":"Pol\u00edtica de Cookies"},"content":{"rendered":"<p>Aquest lloc web utilitza cookies pr\u00f2pies i de tercers per oferir-li una millor experi\u00e8ncia i servei. En navegar o utilitzar els nostres serveis l&#8217;usuari accepta l&#8217;\u00fas que fem de les cookies. No obstant aix\u00f2, l&#8217;usuari t\u00e9 l&#8217;opci\u00f3 d&#8217;impedir la generaci\u00f3 de cookies i l&#8217;eliminaci\u00f3 de les mateixes.<\/p>\n<p>&nbsp;<\/p>\n<h2>QU\u00c8 \u00c9S UNA COOKIE?<\/h2>\n<p>Una cookie \u00e9s un petit fragment de text que els llocs Web envien al navegador i que s&#8217;emmagatzemen al terminal de l&#8217;usuari, el qual pot ser un ordinador personal, un tel\u00e8fon m\u00f2bil, tablet, etc. Aquests arxius permeten que el lloc Web recordi informaci\u00f3 sobre la seva visita, com l&#8217;idioma i les opcions preferides, cosa que pot facilitar la seva pr\u00f2xima visita i fer que el lloc resulti m\u00e9s \u00fatil en personalitzar el seu contingut. Les cookies exerceixen un paper molt important, en millorar l&#8217;experi\u00e8ncia d&#8217;\u00fas de la Web.<\/p>\n<p>&nbsp;<\/p>\n<h2>TIPUS DE COOKIES<\/h2>\n<p>Segons l&#8217;entitat que les gestioni, les cookies poden ser:<\/p>\n<ul>\n<li><strong>Cookies pr\u00f2pies<\/strong>: S\u00f3n aquelles que s&#8217; envien a l&#8217; equip terminal de l&#8217; interessat des d&#8217; un equip o domini gestionat pel propi editor i des del qual es presta el servei demanat per l&#8217; usuari.<\/li>\n<li><strong>Cookies de tercers<\/strong>: S\u00f3n aquelles que s&#8217;envien a l&#8217;equip terminal de l&#8217;usuari des d&#8217;un equip o domini que no \u00e9s gestionat per l&#8217;editor, sin\u00f3 per una altra entitat que tracta les dades obtingudes a trav\u00e9s de les cookies.<\/li>\n<\/ul>\n<p>&nbsp;<\/p>\n<p>Segons el termini de temps que romanen activades:<\/p>\n<ul>\n<li><strong>Cookies de sessi\u00f3<\/strong>: S\u00f3n un tipus de cookies dissenyades per recaptar i emmagatzemar dades mentre l&#8217;usuari accedeix a una p\u00e0gina web. Se solen emprar per emmagatzemar informaci\u00f3 que nom\u00e9s interessa conservar per a la prestaci\u00f3 del servei sol\u00b7licitat per l&#8217;usuari en una sola ocasi\u00f3.<\/li>\n<li><strong>Cookies persistents<\/strong>: S\u00f3n un tipus de cookies en qu\u00e8 les dades segueixen emmagatzemades al terminal i poden ser accedides i tractades durant un per\u00edode definit pel responsable de la cookie, i que pot anar d&#8217;uns minuts a diversos anys.<\/li>\n<\/ul>\n<p>&nbsp;<\/p>\n<p>Segons la finalitat per a la qual es tractin les dades obtingudes a trav\u00e9s de les cookies, la web pot utilitzar:<\/p>\n<p><strong><em>Cookies t\u00e8cniques &#8211;<\/em><\/strong>S\u00f3n aquelles que permeten a l&#8217; usuari la navegaci\u00f3 a trav\u00e9s de la p\u00e0gina web o aplicaci\u00f3 i la utilitzaci\u00f3 de les diferents opcions o serveis que hi ha. Per exemple, controlar el tr\u00e0nsit i la comunicaci\u00f3 de dades, identificar la sessi\u00f3, accedir a les parts web d&#8217;acc\u00e9s restringit, recordar els elements que integren una comanda, realitzar la sol\u00b7licitud d&#8217;inscripci\u00f3 o participaci\u00f3 en un esdeveniment, utilitzar elements de seguretat durant la navegaci\u00f3 i emmagatzemar continguts per a la difusi\u00f3 de v\u00eddeos o so.<\/p>\n<p><strong><em>Cookies de personalitzaci\u00f3 &#8211;<\/em><\/strong>S\u00f3n aquelles que permeten a l&#8217;usuari accedir al servei amb algunes caracter\u00edstiques de car\u00e0cter general predefinides en el seu terminal o que el propi usuari defineixi. Per exemple, l&#8217;idioma, el tipus de navegador a trav\u00e9s del qual accedeix al servei, el disseny de continguts seleccionat, geolocalitzaci\u00f3 del terminal i la configuraci\u00f3 regional des d&#8217; on s&#8217;accedeix al servei.<\/p>\n<p><strong><em>Cookies publicit\u00e0ries &#8211;<\/em><\/strong>S\u00f3n aquelles que permeten la gesti\u00f3 efica\u00e7 dels espais publicitaris que s&#8217; han incl\u00f2s a la p\u00e0gina web o aplicaci\u00f3 des de la qual es presta el servei. Permeten adequar el contingut de la publicitat perqu\u00e8 aquesta sigui rellevant per a l&#8217;usuari i per evitar mostrar anuncis que l&#8217;usuari ja hagi vist.<\/p>\n<p><strong><em>Cookies de an\u00e0lisis estad\u00edstica &#8211;<\/em><\/strong>S\u00f3n aquelles que permeten fer el seguiment i an\u00e0lisi del comportament dels usuaris als llocs web. La informaci\u00f3 recollida mitjan\u00e7ant aquest tipus de cookies s&#8217;utilitza en el mesurament de l&#8217;activitat dels llocs web, aplicaci\u00f3 o plataforma i per a l&#8217;elaboraci\u00f3 de perfils de navegaci\u00f3 dels usuaris d&#8217;aquests llocs, per tal d&#8217;introduir millores en el servei en funci\u00f3 de les dades d&#8217;\u00fas que fan els usuaris.<\/p>\n<p>Les cookies utilitzades en aquest lloc web les pot veure en el panell de configuraci\u00f3 i ajustar la seva configuraci\u00f3 en qualsevol moment.<\/p>\n<p>La identificaci\u00f3 de qui utilitza les cookies, el tipus de cookies utilitzades i altres detalls, s&#8217;indica a continuaci\u00f3:<\/p>\n<p>Relaci\u00f3 de cookies utilitzades.<\/p>\n<table width=\"1021\">\n<tbody>\n<tr>\n<td width=\"114\"><strong>Finalitat<\/strong><\/td>\n<td width=\"182\"><strong>Nom de la Cookie<\/strong><\/td>\n<td width=\"87\"><strong>Propietat<\/strong><\/td>\n<td width=\"317\"><strong>Descripci\u00f3<\/strong><\/td>\n<td width=\"189\"><strong>Temps de conservaci\u00f3<\/strong><\/td>\n<td width=\"132\"><strong>REQUEREIX CONSENTIMENT<\/strong><\/td>\n<\/tr>\n<tr>\n<td width=\"114\">Necess\u00e0ria<\/td>\n<td width=\"182\">wpEmojiSettingsSupports<\/td>\n<td width=\"87\">WordPress<\/td>\n<td width=\"317\">WordPress estableix aquesta galeta quan un usuari interactua amb emojis en un lloc de WordPress. Ajuda a determinar si el navegador de l\u2019usuari pot mostrar els emojis correctament.<\/td>\n<td width=\"189\">Sessi\u00f3<\/td>\n<td width=\"132\">NO<\/td>\n<\/tr>\n<\/tbody>\n<\/table>\n<h2>COM ADMINISTRAR COOKIES AL NAVEGADOR?<\/h2>\n<p>L&#8217;usuari t\u00e9 l&#8217;opci\u00f3 de permetre, bloquejar o eliminar les cookies instal\u00b7lades en el seu equip mitjan\u00e7ant la configuraci\u00f3 de les opcions del navegador instal\u00b7lat en el seu terminal:<br \/>\n\u2022 Firefox:<br \/>\nhttp:\/\/support.mozilla.org\/es\/kb\/habilitar-y-deshabilitar-cookies-que-los-sitios-we<\/p>\n<p>\u2022 Chrome:<br \/>\nhttp:\/\/support.google.com\/chrome\/bin\/answer.py?hl=es&#038;answer=95647<\/p>\n<p>\u2022 Internet Explorer:<br \/>\nhttps:\/\/support.microsoft.com\/es-es\/help\/278835\/how-to-delete-cookie-files-in-internet-explorer<\/p>\n<p>\u2022 Microsoft Edge:<br \/>\nhttps:\/\/support.microsoft.com\/es-es\/help\/4468242\/microsoft-edge-browsing-data-and-privacy-microsoft-privacy<\/p>\n<p>\u2022 Safari:<br \/>\nhttp:\/\/support.apple.com\/kb\/ph5042<\/p>\n<p>\u2022 Opera:<br \/>\nhttp:\/\/help.opera.com\/Windows\/11.50\/es-ES\/cookies.html<\/p>\n<p>En alguns navegadors es poden configurar regles espec\u00edfiques per administrar cookies per lloc web, cosa que ofereix un control m\u00e9s prec\u00eds sobre la privacitat. Aix\u00f2 significa que es pot inhabilitar cookies de tots els llocs tret d&#8217;aquells en qu\u00e8 es confi\u00ef.<\/p>","protected":false},"excerpt":{"rendered":"<p>Aquest lloc web utilitza cookies pr\u00f2pies i de tercers per oferir-li una millor experi\u00e8ncia i servei. En navegar o utilitzar els nostres serveis l&#8217;usuari accepta l&#8217;\u00fas que fem de les cookies. No obstant aix\u00f2, l&#8217;usuari t\u00e9 l&#8217;opci\u00f3 d&#8217;impedir la generaci\u00f3 de cookies i l&#8217;eliminaci\u00f3 de les mateixes. &nbsp; QU\u00c8 \u00c9S UNA COOKIE? Una cookie \u00e9s [&hellip;]<\/p>","protected":false},"author":2,"featured_media":0,"parent":0,"menu_order":0,"comment_status":"closed","ping_status":"closed","template":"","meta":{"_acf_changed":false,"footnotes":""},"class_list":["post-8919","page","type-page","status-publish","hentry"],"acf":[],"yoast_head":"<!-- This site is optimized with the Yoast SEO plugin v27.5 - https:\/\/yoast.com\/product\/yoast-seo-wordpress\/ -->\n<title>Pol\u00edtica de Cookies - Ca d&#039;Antema<\/title>\n<meta name=\"robots\" content=\"index, follow, max-snippet:-1, max-image-preview:large, max-video-preview:-1\" \/>\n<link rel=\"canonical\" href=\"https:\/\/www.cadantema.com\/es\/politica-de-cookies\/\" \/>\n<meta property=\"og:locale\" content=\"es_ES\" \/>\n<meta property=\"og:type\" content=\"article\" \/>\n<meta property=\"og:title\" content=\"Pol\u00edtica de Cookies - Ca d&#039;Antema\" \/>\n<meta property=\"og:description\" content=\"Aquest lloc web utilitza cookies pr\u00f2pies i de tercers per oferir-li una millor experi\u00e8ncia i servei. En navegar o utilitzar els nostres serveis l&#8217;usuari accepta l&#8217;\u00fas que fem de les cookies. No obstant aix\u00f2, l&#8217;usuari t\u00e9 l&#8217;opci\u00f3 d&#8217;impedir la generaci\u00f3 de cookies i l&#8217;eliminaci\u00f3 de les mateixes. &nbsp; QU\u00c8 \u00c9S UNA COOKIE? Una cookie \u00e9s [&hellip;]\" \/>\n<meta property=\"og:url\" content=\"https:\/\/www.cadantema.com\/es\/politica-de-cookies\/\" \/>\n<meta property=\"og:site_name\" content=\"Ca d&#039;Antema\" \/>\n<meta property=\"article:modified_time\" content=\"2025-08-22T18:06:28+00:00\" \/>\n<meta name=\"twitter:card\" content=\"summary_large_image\" \/>\n<meta name=\"twitter:label1\" content=\"Tiempo de lectura\" \/>\n\t<meta name=\"twitter:data1\" content=\"5 minutos\" \/>\n<script type=\"application\/ld+json\" class=\"yoast-schema-graph\">{\"@context\":\"https:\\\/\\\/schema.org\",\"@graph\":[{\"@type\":\"WebPage\",\"@id\":\"https:\\\/\\\/www.cadantema.com\\\/politica-de-cookies\\\/\",\"url\":\"https:\\\/\\\/www.cadantema.com\\\/politica-de-cookies\\\/\",\"name\":\"Pol\u00edtica de Cookies - Ca d&#039;Antema\",\"isPartOf\":{\"@id\":\"https:\\\/\\\/www.cadantema.com\\\/#website\"},\"datePublished\":\"2025-07-11T10:49:25+00:00\",\"dateModified\":\"2025-08-22T18:06:28+00:00\",\"breadcrumb\":{\"@id\":\"https:\\\/\\\/www.cadantema.com\\\/politica-de-cookies\\\/#breadcrumb\"},\"inLanguage\":\"es\",\"potentialAction\":[{\"@type\":\"ReadAction\",\"target\":[\"https:\\\/\\\/www.cadantema.com\\\/politica-de-cookies\\\/\"]}]},{\"@type\":\"BreadcrumbList\",\"@id\":\"https:\\\/\\\/www.cadantema.com\\\/politica-de-cookies\\\/#breadcrumb\",\"itemListElement\":[{\"@type\":\"ListItem\",\"position\":1,\"name\":\"Inici\",\"item\":\"https:\\\/\\\/www.cadantema.com\\\/\"},{\"@type\":\"ListItem\",\"position\":2,\"name\":\"Pol\u00edtica de Cookies\"}]},{\"@type\":\"WebSite\",\"@id\":\"https:\\\/\\\/www.cadantema.com\\\/#website\",\"url\":\"https:\\\/\\\/www.cadantema.com\\\/\",\"name\":\"Ca d&#039;Antema\",\"description\":\"Producte artes\u00e0 de la Vall Fosca\",\"publisher\":{\"@id\":\"https:\\\/\\\/www.cadantema.com\\\/#organization\"},\"potentialAction\":[{\"@type\":\"SearchAction\",\"target\":{\"@type\":\"EntryPoint\",\"urlTemplate\":\"https:\\\/\\\/www.cadantema.com\\\/?s={search_term_string}\"},\"query-input\":{\"@type\":\"PropertyValueSpecification\",\"valueRequired\":true,\"valueName\":\"search_term_string\"}}],\"inLanguage\":\"es\"},{\"@type\":\"Organization\",\"@id\":\"https:\\\/\\\/www.cadantema.com\\\/#organization\",\"name\":\"Ca d&#039;Antema\",\"url\":\"https:\\\/\\\/www.cadantema.com\\\/\",\"logo\":{\"@type\":\"ImageObject\",\"inLanguage\":\"es\",\"@id\":\"https:\\\/\\\/www.cadantema.com\\\/#\\\/schema\\\/logo\\\/image\\\/\",\"url\":\"https:\\\/\\\/www.cadantema.com\\\/wp-content\\\/uploads\\\/2018\\\/06\\\/fav.png\",\"contentUrl\":\"https:\\\/\\\/www.cadantema.com\\\/wp-content\\\/uploads\\\/2018\\\/06\\\/fav.png\",\"width\":402,\"height\":402,\"caption\":\"Ca d&#039;Antema\"},\"image\":{\"@id\":\"https:\\\/\\\/www.cadantema.com\\\/#\\\/schema\\\/logo\\\/image\\\/\"}}]}<\/script>\n<!-- \/ Yoast SEO plugin. -->","yoast_head_json":{"title":"Pol\u00edtica de Cookies - Ca d&#039;Antema","robots":{"index":"index","follow":"follow","max-snippet":"max-snippet:-1","max-image-preview":"max-image-preview:large","max-video-preview":"max-video-preview:-1"},"canonical":"https:\/\/www.cadantema.com\/es\/politica-de-cookies\/","og_locale":"es_ES","og_type":"article","og_title":"Pol\u00edtica de Cookies - Ca d&#039;Antema","og_description":"Aquest lloc web utilitza cookies pr\u00f2pies i de tercers per oferir-li una millor experi\u00e8ncia i servei. En navegar o utilitzar els nostres serveis l&#8217;usuari accepta l&#8217;\u00fas que fem de les cookies. No obstant aix\u00f2, l&#8217;usuari t\u00e9 l&#8217;opci\u00f3 d&#8217;impedir la generaci\u00f3 de cookies i l&#8217;eliminaci\u00f3 de les mateixes. &nbsp; QU\u00c8 \u00c9S UNA COOKIE? Una cookie \u00e9s [&hellip;]","og_url":"https:\/\/www.cadantema.com\/es\/politica-de-cookies\/","og_site_name":"Ca d&#039;Antema","article_modified_time":"2025-08-22T18:06:28+00:00","twitter_card":"summary_large_image","twitter_misc":{"Tiempo de lectura":"5 minutos"},"schema":{"@context":"https:\/\/schema.org","@graph":[{"@type":"WebPage","@id":"https:\/\/www.cadantema.com\/politica-de-cookies\/","url":"https:\/\/www.cadantema.com\/politica-de-cookies\/","name":"Pol\u00edtica de Cookies - Ca d&#039;Antema","isPartOf":{"@id":"https:\/\/www.cadantema.com\/#website"},"datePublished":"2025-07-11T10:49:25+00:00","dateModified":"2025-08-22T18:06:28+00:00","breadcrumb":{"@id":"https:\/\/www.cadantema.com\/politica-de-cookies\/#breadcrumb"},"inLanguage":"es","potentialAction":[{"@type":"ReadAction","target":["https:\/\/www.cadantema.com\/politica-de-cookies\/"]}]},{"@type":"BreadcrumbList","@id":"https:\/\/www.cadantema.com\/politica-de-cookies\/#breadcrumb","itemListElement":[{"@type":"ListItem","position":1,"name":"Inici","item":"https:\/\/www.cadantema.com\/"},{"@type":"ListItem","position":2,"name":"Pol\u00edtica de Cookies"}]},{"@type":"WebSite","@id":"https:\/\/www.cadantema.com\/#website","url":"https:\/\/www.cadantema.com\/","name":"Ca d&#039;Antema","description":"Producte artes\u00e0 de la Vall Fosca","publisher":{"@id":"https:\/\/www.cadantema.com\/#organization"},"potentialAction":[{"@type":"SearchAction","target":{"@type":"EntryPoint","urlTemplate":"https:\/\/www.cadantema.com\/?s={search_term_string}"},"query-input":{"@type":"PropertyValueSpecification","valueRequired":true,"valueName":"search_term_string"}}],"inLanguage":"es"},{"@type":"Organization","@id":"https:\/\/www.cadantema.com\/#organization","name":"Ca d&#039;Antema","url":"https:\/\/www.cadantema.com\/","logo":{"@type":"ImageObject","inLanguage":"es","@id":"https:\/\/www.cadantema.com\/#\/schema\/logo\/image\/","url":"https:\/\/www.cadantema.com\/wp-content\/uploads\/2018\/06\/fav.png","contentUrl":"https:\/\/www.cadantema.com\/wp-content\/uploads\/2018\/06\/fav.png","width":402,"height":402,"caption":"Ca d&#039;Antema"},"image":{"@id":"https:\/\/www.cadantema.com\/#\/schema\/logo\/image\/"}}]}},"_links":{"self":[{"href":"https:\/\/www.cadantema.com\/es\/wp-json\/wp\/v2\/pages\/8919","targetHints":{"allow":["GET"]}}],"collection":[{"href":"https:\/\/www.cadantema.com\/es\/wp-json\/wp\/v2\/pages"}],"about":[{"href":"https:\/\/www.cadantema.com\/es\/wp-json\/wp\/v2\/types\/page"}],"author":[{"embeddable":true,"href":"https:\/\/www.cadantema.com\/es\/wp-json\/wp\/v2\/users\/2"}],"replies":[{"embeddable":true,"href":"https:\/\/www.cadantema.com\/es\/wp-json\/wp\/v2\/comments?post=8919"}],"version-history":[{"count":3,"href":"https:\/\/www.cadantema.com\/es\/wp-json\/wp\/v2\/pages\/8919\/revisions"}],"predecessor-version":[{"id":8932,"href":"https:\/\/www.cadantema.com\/es\/wp-json\/wp\/v2\/pages\/8919\/revisions\/8932"}],"wp:attachment":[{"href":"https:\/\/www.cadantema.com\/es\/wp-json\/wp\/v2\/media?parent=8919"}],"curies":[{"name":"wp","href":"https:\/\/api.w.org\/{rel}","templated":true}]}}